{"id":137,"date":"2021-01-26T10:08:10","date_gmt":"2021-01-26T10:08:10","guid":{"rendered":"https:\/\/metzdorf.ch\/new\/?page_id=137"},"modified":"2022-06-24T09:36:56","modified_gmt":"2022-06-24T09:36:56","slug":"ginocchio-gonartrosi","status":"publish","type":"page","link":"https:\/\/metzdorf.ch\/new\/ginocchio-gonartrosi\/","title":{"rendered":"Ginocchio &#8211; Gonartrosi"},"content":{"rendered":"\n\n<p>Il ginocchio viene suddiviso in un compartimento mediale (interno), uno laterale (esterno) ed un terzo compartimento tra il femore e la rotula. La localizzazione dell`usura cartilaginea pu\u00f2 portare ad una deviazione dell&#8217;arto inferiore a X (valgo) oppure ad O (varo).<\/p>\n<p>Oltre all&#8217;esame clinico, per la diagnosi servono delle radiografie del ginocchio ed in casi particolari pu\u00f2 essere necessario ricorrere ad una risonanza magnetica.<\/p>\n\n<p>L&#8217;intervento chirugico pu\u00f2 essere fatto in anestesia parziale oppure totale. La decisione finale verr\u00e0 presa dall&#8217;anestesista in accordo con il paziente.<\/p>\n<p>La protesi totale del ginocchio \u00e8 composta da una componente femorale, una tibiale e da un piatto in polietilene.<\/p>\n<strong>La durata dell&#8217;intervento varia normalmente tra un ora e mezza e due ore.<\/strong><br \/>\nLa degenza in clinica varia normalmente tra 5 e 7 giorni.\n<p>Durante le prime quattro settimane post-operatorie si camminer\u00e0 con le stampelle in carico secondo i dolori. La fisioterapia post-operatoria \u00e8 fondamentale per ristabilire una buona mobilit\u00e0 articolare.<\/p>\n<p>In caso di usura cartilaginea limitata ad una sola parte del ginocchio, esiste la possibilt\u00e0 di impiantare una protesi parziale del ginocchio, caratterizzata dalle dimensioni ridotte delle companenti femorali e tibiali.<\/p>\n<p>I tempi di recupero della procedura parziale sono pi\u00f9 brevi rispetto alla protesi totale.<\/p>\n<p><strong>La qualit\u00e0 dei materiali utlizzati per le protesi, al giorno d&#8217;oggi, pu\u00f2 permetterne una durata di vita media di 20 anni.<\/strong> Quando le componenti si consumano o l&#8217;osteointegrazione si riduce, pu\u00f2 essere necessario procedere ad una sostituzione della protesi. L&#8217;intervento di revisione, sebbene pi\u00f9 importante rispetto alla protesi primaria, consente comunque nella maggior parte dei casi, dopo un periodo di riabilitazione, di ritornare alle normali attivit\u00e0 quotidiane.<\/p>\n\t\t\t\t<img loading=\"lazy\" decoding=\"async\" src=\"https:\/\/metzdorf.ch\/new\/wp-content\/uploads\/2021\/01\/Fig-Fg.jpg\" alt=\"Esempio di protesi totale del ginocchio\" itemprop=\"image\" height=\"348\" width=\"411\" title=\"Fig_VA\" onerror=\"this.style.display='none'\"  \/>\n\t\tEsempio di protesi totale del ginocchio\n\t\t\t\t<img loading=\"lazy\" decoding=\"async\" src=\"https:\/\/metzdorf.ch\/new\/wp-content\/uploads\/2022\/06\/fig-Va_P_completa.jpg\" alt=\"Protesti completa\" itemprop=\"image\" height=\"576\" width=\"827\" title=\"fig-Va_P_completa\" onerror=\"this.style.display='none'\"  \/>\n\t\tEsempio di protesi parziale del ginocchio\n\t\t\t\t<img loading=\"lazy\" decoding=\"async\" src=\"https:\/\/metzdorf.ch\/new\/wp-content\/uploads\/2021\/01\/Fig-H.jpg\" alt=\"Esempio di protesi parziale del ginocchio\" itemprop=\"image\" height=\"420\" width=\"411\" title=\"Fig-H\" onerror=\"this.style.display='none'\"  \/>\n\t\tEsempio di protesi parziale del ginocchio\n\n","protected":false},"excerpt":{"rendered":"<p>Il ginocchio viene suddiviso in un compartimento mediale (interno), uno laterale (esterno) ed un terzo compartimento tra il femore e la rotula. La localizzazione dell`usura cartilaginea pu\u00f2 portare ad una &#8230;<\/p>\n","protected":false},"author":1,"featured_media":158,"parent":0,"menu_order":0,"comment_status":"closed","ping_status":"closed","template":"","meta":{"footnotes":""},"class_list":["post-137","page","type-page","status-publish","has-post-thumbnail","hentry"],"_links":{"self":[{"href":"https:\/\/metzdorf.ch\/new\/wp-json\/wp\/v2\/pages\/137","targetHints":{"allow":["GET"]}}],"collection":[{"href":"https:\/\/metzdorf.ch\/new\/wp-json\/wp\/v2\/pages"}],"about":[{"href":"https:\/\/metzdorf.ch\/new\/wp-json\/wp\/v2\/types\/page"}],"author":[{"embeddable":true,"href":"https:\/\/metzdorf.ch\/new\/wp-json\/wp\/v2\/users\/1"}],"replies":[{"embeddable":true,"href":"https:\/\/metzdorf.ch\/new\/wp-json\/wp\/v2\/comments?post=137"}],"version-history":[{"count":8,"href":"https:\/\/metzdorf.ch\/new\/wp-json\/wp\/v2\/pages\/137\/revisions"}],"predecessor-version":[{"id":356,"href":"https:\/\/metzdorf.ch\/new\/wp-json\/wp\/v2\/pages\/137\/revisions\/356"}],"wp:featuredmedia":[{"embeddable":true,"href":"https:\/\/metzdorf.ch\/new\/wp-json\/wp\/v2\/media\/158"}],"wp:attachment":[{"href":"https:\/\/metzdorf.ch\/new\/wp-json\/wp\/v2\/media?parent=137"}],"curies":[{"name":"wp","href":"https:\/\/api.w.org\/{rel}","templated":true}]}}