{"id":135,"date":"2021-01-26T10:06:42","date_gmt":"2021-01-26T10:06:42","guid":{"rendered":"https:\/\/metzdorf.ch\/new\/?page_id=135"},"modified":"2022-06-24T09:53:18","modified_gmt":"2022-06-24T09:53:18","slug":"artrosi","status":"publish","type":"page","link":"https:\/\/metzdorf.ch\/new\/artrosi\/","title":{"rendered":"Artrosi"},"content":{"rendered":"\n\n<h3><strong>Artrosi<\/strong><\/h3>\n<p>L&#8217;artrosi \u00e8 una <strong>malattia delle articolazioni<\/strong> contraddistinta da un consumo progressivo della cartilagine. La cartilagine rappresenta il rivestimento dell&#8217;osso all&#8217; interno di un&#8217;articolazione.<\/p>\n\n<p>I sintomi pi\u00f9 frequenti, comuni dell&#8217;artrosi sia dell&#8217;anca che del ginocchio, sono dei <strong>dolori specialmente all&#8217;avvio e durante le ore notturne, il perimetro della marcia \u00e8 ridotto. Una perdita progressiva della mobilit\u00e0 articolare<\/strong> (anchilosi) \u00e8 una consequenza tardiva dell&#8217;artrosi.<\/p>\n<p>Nella coxartrosi (artrosi dell&#8217;anca) questa perdita di mobilit\u00e0 si pu\u00f2 ripercuotere nella vita quotidiana con, fra le altre cose, una difficolt\u00e0 a mettersi scarpe e calze.<\/p>\n<p>Nel caso della gonartrosi (artrosi del ginocchio) si avr\u00e0 difficolt\u00e0 a salire-scendere le scale ed alzarsi da sedie e divani bassi.<\/p>\n<p>Il <strong>trattamento iniziale<\/strong> dell&#8217;artrosi avviene di solito con dei <strong>farmaci antiinfiammatori<\/strong> (FANS), anche la fisioterapia pu\u00f2 avere un effetto benefico.<\/p>\n<p>Un ulteriore passo della <strong>terapia conservativa consiste nell&#8217;infiltrazione intrarticolare<\/strong>, sotto anestesia locale, con cortisonico oppure acido ialuronico. Le infiltrazioni permettono normalmente un sollievo dai dolori per un periodo fra tre e sei mesi.<\/p>\n<p>Se, nonostante la terapia conservativa, i dolori rimangono importanti, l&#8217;unica <strong>soluzione alternativa \u00e8 quella chirurgica<\/strong> e consiste nell&#8217;impianto di un&#8217;artroprotesi.<\/p>\n\t\t\t\t<img loading=\"lazy\" decoding=\"async\" src=\"https:\/\/metzdorf.ch\/new\/wp-content\/uploads\/2021\/01\/Fig-B.jpg\" alt=\"Coxartrosi (artrosi dell'anca)\" itemprop=\"image\" height=\"374\" width=\"411\" title=\"Fig-B\" onerror=\"this.style.display='none'\"  \/>\n\t\tCoxartrosi (artrosi dell&#8217;anca)\n\t\t\t\t<img loading=\"lazy\" decoding=\"async\" src=\"https:\/\/metzdorf.ch\/new\/wp-content\/uploads\/2021\/01\/Fig-C.jpg\" alt=\"Gonartrosi (artrosi del ginocchio) \" itemprop=\"image\" height=\"411\" width=\"411\" title=\"Fig-C\" onerror=\"this.style.display='none'\"  \/>\n\t\tGonartrosi (artrosi del ginocchio) \n\n","protected":false},"excerpt":{"rendered":"<p>Artrosi L&#8217;artrosi \u00e8 una malattia delle articolazioni contraddistinta da un consumo progressivo della cartilagine. La cartilagine rappresenta il rivestimento dell&#8217;osso all&#8217; interno di un&#8217;articolazione. I sintomi pi\u00f9 frequenti, comuni dell&#8217;artrosi &#8230;<\/p>\n","protected":false},"author":1,"featured_media":0,"parent":0,"menu_order":0,"comment_status":"closed","ping_status":"closed","template":"","meta":{"footnotes":""},"class_list":["post-135","page","type-page","status-publish","hentry"],"_links":{"self":[{"href":"https:\/\/metzdorf.ch\/new\/wp-json\/wp\/v2\/pages\/135","targetHints":{"allow":["GET"]}}],"collection":[{"href":"https:\/\/metzdorf.ch\/new\/wp-json\/wp\/v2\/pages"}],"about":[{"href":"https:\/\/metzdorf.ch\/new\/wp-json\/wp\/v2\/types\/page"}],"author":[{"embeddable":true,"href":"https:\/\/metzdorf.ch\/new\/wp-json\/wp\/v2\/users\/1"}],"replies":[{"embeddable":true,"href":"https:\/\/metzdorf.ch\/new\/wp-json\/wp\/v2\/comments?post=135"}],"version-history":[{"count":9,"href":"https:\/\/metzdorf.ch\/new\/wp-json\/wp\/v2\/pages\/135\/revisions"}],"predecessor-version":[{"id":368,"href":"https:\/\/metzdorf.ch\/new\/wp-json\/wp\/v2\/pages\/135\/revisions\/368"}],"wp:attachment":[{"href":"https:\/\/metzdorf.ch\/new\/wp-json\/wp\/v2\/media?parent=135"}],"curies":[{"name":"wp","href":"https:\/\/api.w.org\/{rel}","templated":true}]}}